{"id":302,"date":"2023-04-29T20:54:59","date_gmt":"2023-04-29T20:54:59","guid":{"rendered":"https:\/\/optimisten.123befreit.de\/widerruf"},"modified":"2024-01-05T04:48:09","modified_gmt":"2024-01-05T04:48:09","slug":"widerruf","status":"publish","type":"page","link":"https:\/\/optimisten.123befreit.de\/?page_id=302","title":{"rendered":"Widerruf"},"content":{"rendered":"<p>14 Tage Widerruf,\u00a0 wenn du so lange auf deine Bestellung warten m\u00f6chtest?<br \/>\nKlar, dann ruf uns an, wenn du Fragen hast, zum Produkt oder innerhalb der Frist, bei Unsicherheit oder Wechsel eines Moduls. Spezialanfertigungen k\u00f6nnen nicht zur\u00fcck gegeben werden (Druckerzeugnisse individuell erstellt).<br \/>\nalle anderen Details nach Absprache<br \/>\nFirmenkunden haben keine Widerrufsfrist einzuhalten<br \/>\nGrundlage daf\u00fcr http:\/\/www.123befreit.de\/impressum\/<br \/>\nNon domestic FRG<br \/>\nDa bei Onlinekauf das Produkt meistens sofort verf\u00fcgbar ist, ist ein R\u00fccktritt logischerweise nicht machbar, wenn wir VORHER nicht dar\u00fcber informiert werden und warten. Denn mit Erhalt hast du die Leistung auch erhalten<br \/>\nBitte vorher sprechen, wenn etwas unklar ist. DANKE und f\u00fcr MEHR MENSCHLICHKEIT sollten wir alle alles machen und uns dennoch nicht aufgeben oder verschenken<\/p>\n","protected":false},"excerpt":{"rendered":"<p>14 Tage Widerruf,\u00a0 wenn du so lange auf deine Bestellung warten m\u00f6chtest? Klar, dann ruf uns an, wenn du Fragen hast, zum Produkt oder innerhalb der Frist, bei Unsicherheit oder Wechsel eines Moduls. Spezialanfertigungen k\u00f6nnen nicht zur\u00fcck gegeben werden (Druckerzeugnisse individuell erstellt). alle anderen Details nach Absprache Firmenkunden haben keine Widerrufsfrist einzuhalten Grundlage daf\u00fcr http:\/\/www.123befreit.de\/impressum\/ [&hellip;]<\/p>\n","protected":false},"author":1,"featured_media":204,"parent":0,"menu_order":0,"comment_status":"closed","ping_status":"closed","template":"","meta":{"footnotes":""},"class_list":["post-302","page","type-page","status-publish","has-post-thumbnail","hentry"],"jetpack_sharing_enabled":true,"_links":{"self":[{"href":"https:\/\/optimisten.123befreit.de\/index.php?rest_route=\/wp\/v2\/pages\/302","targetHints":{"allow":["GET"]}}],"collection":[{"href":"https:\/\/optimisten.123befreit.de\/index.php?rest_route=\/wp\/v2\/pages"}],"about":[{"href":"https:\/\/optimisten.123befreit.de\/index.php?rest_route=\/wp\/v2\/types\/page"}],"author":[{"embeddable":true,"href":"https:\/\/optimisten.123befreit.de\/index.php?rest_route=\/wp\/v2\/users\/1"}],"replies":[{"embeddable":true,"href":"https:\/\/optimisten.123befreit.de\/index.php?rest_route=%2Fwp%2Fv2%2Fcomments&post=302"}],"version-history":[{"count":6,"href":"https:\/\/optimisten.123befreit.de\/index.php?rest_route=\/wp\/v2\/pages\/302\/revisions"}],"predecessor-version":[{"id":547,"href":"https:\/\/optimisten.123befreit.de\/index.php?rest_route=\/wp\/v2\/pages\/302\/revisions\/547"}],"wp:featuredmedia":[{"embeddable":true,"href":"https:\/\/optimisten.123befreit.de\/index.php?rest_route=\/wp\/v2\/media\/204"}],"wp:attachment":[{"href":"https:\/\/optimisten.123befreit.de\/index.php?rest_route=%2Fwp%2Fv2%2Fmedia&parent=302"}],"curies":[{"name":"wp","href":"https:\/\/api.w.org\/{rel}","templated":true}]}}