{"id":305,"date":"2023-04-29T20:54:59","date_gmt":"2023-04-29T20:54:59","guid":{"rendered":"https:\/\/optimisten.123befreit.de\/zahlungsweisen"},"modified":"2024-01-05T04:51:27","modified_gmt":"2024-01-05T04:51:27","slug":"zahlungsweisen","status":"publish","type":"page","link":"https:\/\/optimisten.123befreit.de\/?page_id=305","title":{"rendered":"Zahlungsweisen"},"content":{"rendered":"<p>Ratenzahlung nach Absprache m\u00f6glich, je nach Auswahl Zahlungsart, zzgl. 5 % Aufschlag und Bearbeitungsgeb\u00fch<\/p>\n<p><strong>Haftungshinweis: Das nachstehende Muster ist von einem Rechtsanwalt (<a href=\"https:\/\/drschwenke.de\" rel=\"nofollow\">https:\/\/drschwenke.de<\/a>) entsprechend den typischen Anforderungen eines Onlineshops erstellt worden.\u00a0\u00a0<\/strong><\/p>\n<h2><strong>Zahlungsarten<\/strong><\/h2>\n<p>Wir bieten Ihnen folgende Zahlungsarten an. Suchen Sie sich einfach die f\u00fcr Sie optimale Zahlart aus. Die Versandkosten sind teilweise abh\u00e4ngig von der gew\u00e4hlten Zahlungsart. Die in den jeweiligen Angeboten angef\u00fchrten Preise stellen Endpreise dar. Sie beinhalten alle Preisbestandteile einschlie\u00dflich etwaig anfallender Steuern wie Mehrwertsteuer. Nur bei grenz\u00fcberschreitender Lieferung k\u00f6nnen im Einzelfall weitere Steuern (z.B. im Falle eines innergemeinschaftlichen Erwerbs) und\/oder Abgaben (z.B. Z\u00f6lle) von Ihnen zu zahlen sein, jedoch nicht an den Verk\u00e4ufer, sondern an die dort zust\u00e4ndigen Zoll- bzw. Steuerbeh\u00f6rden. Die anfallenden Liefer- und Versandkosten sind nicht im Kaufpreis enthalten, sie sind \u00fcber die Seite \u201eVersandkosten\u201c aufrufbar, werden im Laufe des Bestellvorganges gesondert ausgewiesen und sind von Ihnen zus\u00e4tzlich zu tragen.<\/p>\n<p><strong><em>Vorkasse<\/em><\/strong><\/p>\n<p>Kostenloser Versand innerhalb Deutschlands (Au\u00dfer Express-Versand und wenn etwas anderes im Shop angegeben)<\/p>\n<p><strong>Bitte \u00fcberweisen Sie den Gesamtbetrag Ihrer Bestellung auf unser Konto:<\/strong><\/p>\n<p>Kontoinhaber:\u00a0 \u00a0\u00a0 a n e t t e<br \/>\nKontonummer:\u00a0 \u00a0LT88 3250 0505 7287 7524<br \/>\nKreditinstitut:\u00a0 \u00a0 \u00a0Revolut<br \/>\nSWIFT:\u00a0 \u00a0 \u00a0BIC\u00a0 \u00a0 \u00a0 \u00a0REVOLT21<br \/>\nIBAN:\u00a0 \u00a0 \u00a0 \u00a0 \u00a0 \u00a0 \u00a0 \u00a0 \u00a0 \u00a0 \u00a0 LT88 3250 0505 7287 7524<\/p>\n<p><strong><em>Barzahlung\u00a0 \u00a0 \u00a0 \u00a0 \u00a0 \u00a0\u00a0<\/em><\/strong>Bestellen Sie online und holen Sie Ihre Bestellung bei uns ab:\u00a0Ja<\/p>\n<p><strong><em>Nachnahme\u00a0 \u00a0<\/em><\/strong>Nein f\u00fcr online Produkte<\/p>\n<p>Bitte halten Sie den Rechnungsbetrag bereit; der Zusteller kassiert bei Lieferung in bar (keine Schecks). Bei Nachnahme fallen zus\u00e4tzlich [26,50 EUR Geb\u00fchren] an, die direkt an den Paketzusteller zu entrichten sind.<\/p>\n<p><strong><em>Lastschrift\u00a0 \u00a0<\/em><\/strong>Nicht vorgesehen<\/p>\n<p><strong><em>Auf Rechnung\u00a0 \u00a0 <\/em><\/strong>Nicht vorgesehen<\/p>\n<p><strong><em>Kreditkarte\u00a0 \u00a0\u00a0<\/em><\/strong>Zahlen Sie ganz einfach per Kreditkarte.<\/p>\n<p><strong><em>PayPal\u00a0 \u00a0 <\/em><\/strong>Noch schneller und sicherer bezahlen mit PayPal.<br \/>\nBitte als FREUNDE &amp; Familie, damit wir keine Geb\u00fchr berechnen m\u00fcssen; an Mailadresse<\/p>\n<p>Lichtgemeinschaft@gmx.de<\/p>\n<p><b><i>\u00a0<\/i><\/b><\/p>\n","protected":false},"excerpt":{"rendered":"<p>Ratenzahlung nach Absprache m\u00f6glich, je nach Auswahl Zahlungsart, zzgl. 5 % Aufschlag und Bearbeitungsgeb\u00fch Haftungshinweis: Das nachstehende Muster ist von einem Rechtsanwalt (https:\/\/drschwenke.de) entsprechend den typischen Anforderungen eines Onlineshops erstellt worden.\u00a0\u00a0 Zahlungsarten Wir bieten Ihnen folgende Zahlungsarten an. Suchen Sie sich einfach die f\u00fcr Sie optimale Zahlart aus. Die Versandkosten sind teilweise abh\u00e4ngig von der [&hellip;]<\/p>\n","protected":false},"author":1,"featured_media":0,"parent":0,"menu_order":0,"comment_status":"closed","ping_status":"closed","template":"","meta":{"footnotes":""},"class_list":["post-305","page","type-page","status-publish","hentry"],"jetpack_sharing_enabled":true,"_links":{"self":[{"href":"https:\/\/optimisten.123befreit.de\/index.php?rest_route=\/wp\/v2\/pages\/305","targetHints":{"allow":["GET"]}}],"collection":[{"href":"https:\/\/optimisten.123befreit.de\/index.php?rest_route=\/wp\/v2\/pages"}],"about":[{"href":"https:\/\/optimisten.123befreit.de\/index.php?rest_route=\/wp\/v2\/types\/page"}],"author":[{"embeddable":true,"href":"https:\/\/optimisten.123befreit.de\/index.php?rest_route=\/wp\/v2\/users\/1"}],"replies":[{"embeddable":true,"href":"https:\/\/optimisten.123befreit.de\/index.php?rest_route=%2Fwp%2Fv2%2Fcomments&post=305"}],"version-history":[{"count":4,"href":"https:\/\/optimisten.123befreit.de\/index.php?rest_route=\/wp\/v2\/pages\/305\/revisions"}],"predecessor-version":[{"id":549,"href":"https:\/\/optimisten.123befreit.de\/index.php?rest_route=\/wp\/v2\/pages\/305\/revisions\/549"}],"wp:attachment":[{"href":"https:\/\/optimisten.123befreit.de\/index.php?rest_route=%2Fwp%2Fv2%2Fmedia&parent=305"}],"curies":[{"name":"wp","href":"https:\/\/api.w.org\/{rel}","templated":true}]}}