{"id":388,"date":"2023-05-25T21:39:53","date_gmt":"2023-05-25T21:39:53","guid":{"rendered":"https:\/\/optimisten.123befreit.de\/?post_type=product&#038;p=388"},"modified":"2024-01-06T04:56:02","modified_gmt":"2024-01-06T04:56:02","slug":"50-wochen-ur-vertrauen-kurs","status":"publish","type":"product","link":"https:\/\/optimisten.123befreit.de\/?product=50-wochen-ur-vertrauen-kurs","title":{"rendered":"40 Tage UR Vertrauen Kurs"},"content":{"rendered":"<p><strong>40 Tage UR Vertrauen Kurs \u2022 Intensiv-Programm<\/strong><\/p>\n<p>Das sicherste und stabilste Element in deinem Leben bist du selbst<br \/>\nund mit diesem Tool wirst du deinen individuellen Abdruck wieder st\u00e4rken.<\/p>\n<p>Wenn du im Au\u00dfen Herausforderungen erlebst,<br \/>\nfindest du NUR IN DIR die Sicherheit, die du dir w\u00fcnschst<br \/>\nund hier findest. Dein starkes Fundament f\u00fcr dein Leben.<\/p>\n<p>Intensive Wahrnehmungsst\u00e4rkung und<br \/>\nAktivierung deines Unterbewusstseins,<br \/>\nder Intuition, damit dein Bewusstsein profitiert<\/p>\n<p>Es gibt noch andere Kursdauern und die Mindestdauer, damit du wieder darauf zugreifen kannst, was in dir liegt, solltest du mind. 40 Tage durchgehend dran bleiben.<br \/>\nDie Ver\u00e4nderung wird dich \u00fcberw\u00e4ltigen<\/p>\n","protected":false},"excerpt":{"rendered":"<h5>Dateien, Produkt zum Download, Anleitungen<br \/>\nzum Download<\/h5>\n","protected":false},"featured_media":441,"comment_status":"open","ping_status":"closed","template":"","meta":[],"product_brand":[],"product_cat":[42,56,55],"product_tag":[],"class_list":{"0":"post-388","1":"product","2":"type-product","3":"status-publish","4":"has-post-thumbnail","6":"product_cat-kurs","7":"product_cat-digitale-datei-per-email","8":"product_cat-pdf-datei-individuell-auf-dich-bezogen","10":"first","11":"instock","12":"purchasable","13":"product-type-simple"},"jetpack_sharing_enabled":true,"_links":{"self":[{"href":"https:\/\/optimisten.123befreit.de\/index.php?rest_route=\/wp\/v2\/product\/388","targetHints":{"allow":["GET"]}}],"collection":[{"href":"https:\/\/optimisten.123befreit.de\/index.php?rest_route=\/wp\/v2\/product"}],"about":[{"href":"https:\/\/optimisten.123befreit.de\/index.php?rest_route=\/wp\/v2\/types\/product"}],"replies":[{"embeddable":true,"href":"https:\/\/optimisten.123befreit.de\/index.php?rest_route=%2Fwp%2Fv2%2Fcomments&post=388"}],"wp:featuredmedia":[{"embeddable":true,"href":"https:\/\/optimisten.123befreit.de\/index.php?rest_route=\/wp\/v2\/media\/441"}],"wp:attachment":[{"href":"https:\/\/optimisten.123befreit.de\/index.php?rest_route=%2Fwp%2Fv2%2Fmedia&parent=388"}],"wp:term":[{"taxonomy":"product_brand","embeddable":true,"href":"https:\/\/optimisten.123befreit.de\/index.php?rest_route=%2Fwp%2Fv2%2Fproduct_brand&post=388"},{"taxonomy":"product_cat","embeddable":true,"href":"https:\/\/optimisten.123befreit.de\/index.php?rest_route=%2Fwp%2Fv2%2Fproduct_cat&post=388"},{"taxonomy":"product_tag","embeddable":true,"href":"https:\/\/optimisten.123befreit.de\/index.php?rest_route=%2Fwp%2Fv2%2Fproduct_tag&post=388"}],"curies":[{"name":"wp","href":"https:\/\/api.w.org\/{rel}","templated":true}]}}