{"id":498,"date":"2023-11-21T23:38:20","date_gmt":"2023-11-21T23:38:20","guid":{"rendered":"https:\/\/optimisten.123befreit.de\/?post_type=product&#038;p=498"},"modified":"2023-11-21T23:42:53","modified_gmt":"2023-11-21T23:42:53","slug":"telefonisch-ist-situation-lagebesprechung-vor-dem-coaching-je-15-min","status":"publish","type":"product","link":"https:\/\/optimisten.123befreit.de\/?product=telefonisch-ist-situation-lagebesprechung-vor-dem-coaching-je-15-min","title":{"rendered":"Telefonisch IST Situation &#038; Lagebesprechung, vor dem Coaching je 15 Min."},"content":{"rendered":"","protected":false},"excerpt":{"rendered":"<p>Falls im Coaching der Umfang zu viel Zeit einnehmen w\u00fcrde,<br \/>\nmehr als 5 Minuten, was die Qualit\u00e4t des Ergebnisses einschr\u00e4nkt<br \/>\nund meistens unn\u00f6tig und von der L\u00f6sung ab h\u00e4lt<\/p>\n<p>pro 15 Min. buchbar,<br \/>\nbitte Menge anpassen<br \/>\nund gut \u00fcberlegen, ob die Zeit besser in die L\u00d6SUNG und das Coaching investiert wird?!<\/p>\n","protected":false},"featured_media":499,"comment_status":"open","ping_status":"closed","template":"","meta":[],"product_brand":[],"product_cat":[57],"product_tag":[],"class_list":{"0":"post-498","1":"product","2":"type-product","3":"status-publish","4":"has-post-thumbnail","6":"product_cat-telefonat","8":"first","9":"instock","10":"shipping-taxable","11":"purchasable","12":"product-type-simple"},"jetpack_sharing_enabled":true,"_links":{"self":[{"href":"https:\/\/optimisten.123befreit.de\/index.php?rest_route=\/wp\/v2\/product\/498","targetHints":{"allow":["GET"]}}],"collection":[{"href":"https:\/\/optimisten.123befreit.de\/index.php?rest_route=\/wp\/v2\/product"}],"about":[{"href":"https:\/\/optimisten.123befreit.de\/index.php?rest_route=\/wp\/v2\/types\/product"}],"replies":[{"embeddable":true,"href":"https:\/\/optimisten.123befreit.de\/index.php?rest_route=%2Fwp%2Fv2%2Fcomments&post=498"}],"wp:featuredmedia":[{"embeddable":true,"href":"https:\/\/optimisten.123befreit.de\/index.php?rest_route=\/wp\/v2\/media\/499"}],"wp:attachment":[{"href":"https:\/\/optimisten.123befreit.de\/index.php?rest_route=%2Fwp%2Fv2%2Fmedia&parent=498"}],"wp:term":[{"taxonomy":"product_brand","embeddable":true,"href":"https:\/\/optimisten.123befreit.de\/index.php?rest_route=%2Fwp%2Fv2%2Fproduct_brand&post=498"},{"taxonomy":"product_cat","embeddable":true,"href":"https:\/\/optimisten.123befreit.de\/index.php?rest_route=%2Fwp%2Fv2%2Fproduct_cat&post=498"},{"taxonomy":"product_tag","embeddable":true,"href":"https:\/\/optimisten.123befreit.de\/index.php?rest_route=%2Fwp%2Fv2%2Fproduct_tag&post=498"}],"curies":[{"name":"wp","href":"https:\/\/api.w.org\/{rel}","templated":true}]}}