{"id":535,"date":"2024-07-12T02:56:30","date_gmt":"2024-07-12T02:56:30","guid":{"rendered":"https:\/\/optimisten.123befreit.de\/?post_type=product&#038;p=535"},"modified":"2024-07-13T20:37:59","modified_gmt":"2024-07-13T20:37:59","slug":"buch-ab-ca-mitte-juli-erhaeltlich-vorher-die-sinnsprueche","status":"publish","type":"product","link":"https:\/\/optimisten.123befreit.de\/?product=buch-ab-ca-mitte-juli-erhaeltlich-vorher-die-sinnsprueche","title":{"rendered":"Buch KONSEQUENT ICH: Narzissten haben ausgedient"},"content":{"rendered":"<p><img loading=\"lazy\" decoding=\"async\" class=\"alignnone size-medium wp-image-628\" src=\"https:\/\/optimisten.123befreit.de\/wp-content\/uploads\/2024\/06\/24-6-21-neu-buch-narz-Cover-24-6-21-300x138.jpg\" alt=\"\" width=\"300\" height=\"138\" \/>hier der Download Datei Anhang f\u00fcr das BUCH vorab, w\u00e4hrend der Korrekturphase. Nach dem Erscheinen offiziell \u00fcber BoD.de<\/p>\n<p>https:\/\/optimisten.123befreit.de\/wp-content\/uploads\/woocommerce_uploads\/2023\/12\/Handout-Deine-Marken-Magie-startet-jetzt-1-uygyvf.pdf<\/p>\n","protected":false},"excerpt":{"rendered":"<p><img loading=\"lazy\" decoding=\"async\" class=\"alignnone size-medium wp-image-216\" src=\"https:\/\/optimisten.123befreit.de\/wp-content\/uploads\/2023\/03\/streifen-Stacheldraht-Pohl-0148-ohne-1-300x86.jpg\" alt=\"\" width=\"300\" height=\"86\" srcset=\"https:\/\/optimisten.123befreit.de\/wp-content\/uploads\/2023\/03\/streifen-Stacheldraht-Pohl-0148-ohne-1-300x86.jpg 300w, https:\/\/optimisten.123befreit.de\/wp-content\/uploads\/2023\/03\/streifen-Stacheldraht-Pohl-0148-ohne-1-416x120.jpg 416w, https:\/\/optimisten.123befreit.de\/wp-content\/uploads\/2023\/03\/streifen-Stacheldraht-Pohl-0148-ohne-1-768x221.jpg 768w, https:\/\/optimisten.123befreit.de\/wp-content\/uploads\/2023\/03\/streifen-Stacheldraht-Pohl-0148-ohne-1-500x144.jpg 500w, https:\/\/optimisten.123befreit.de\/wp-content\/uploads\/2023\/03\/streifen-Stacheldraht-Pohl-0148-ohne-1.jpg 1000w\" sizes=\"auto, (max-width: 300px) 100vw, 300px\" \/><\/p>\n","protected":false},"featured_media":0,"comment_status":"open","ping_status":"closed","template":"","meta":[],"product_brand":[],"product_cat":[56,60,58,59],"product_tag":[62],"class_list":{"0":"post-535","1":"product","2":"type-product","3":"status-publish","5":"product_cat-digitale-datei-per-email","6":"product_cat-ebook-bzw-pdf","7":"product_cat-ebook-digitalprodukt","8":"product_cat-nach-bestellung-per-mail","9":"product_tag-buch-narzissten-energievampire-mobber-choleriker-soziopathen","11":"first","12":"instock","13":"downloadable","14":"shipping-taxable","15":"purchasable","16":"product-type-simple"},"jetpack_sharing_enabled":true,"_links":{"self":[{"href":"https:\/\/optimisten.123befreit.de\/index.php?rest_route=\/wp\/v2\/product\/535","targetHints":{"allow":["GET"]}}],"collection":[{"href":"https:\/\/optimisten.123befreit.de\/index.php?rest_route=\/wp\/v2\/product"}],"about":[{"href":"https:\/\/optimisten.123befreit.de\/index.php?rest_route=\/wp\/v2\/types\/product"}],"replies":[{"embeddable":true,"href":"https:\/\/optimisten.123befreit.de\/index.php?rest_route=%2Fwp%2Fv2%2Fcomments&post=535"}],"wp:attachment":[{"href":"https:\/\/optimisten.123befreit.de\/index.php?rest_route=%2Fwp%2Fv2%2Fmedia&parent=535"}],"wp:term":[{"taxonomy":"product_brand","embeddable":true,"href":"https:\/\/optimisten.123befreit.de\/index.php?rest_route=%2Fwp%2Fv2%2Fproduct_brand&post=535"},{"taxonomy":"product_cat","embeddable":true,"href":"https:\/\/optimisten.123befreit.de\/index.php?rest_route=%2Fwp%2Fv2%2Fproduct_cat&post=535"},{"taxonomy":"product_tag","embeddable":true,"href":"https:\/\/optimisten.123befreit.de\/index.php?rest_route=%2Fwp%2Fv2%2Fproduct_tag&post=535"}],"curies":[{"name":"wp","href":"https:\/\/api.w.org\/{rel}","templated":true}]}}