{"id":568,"date":"2024-01-06T06:03:26","date_gmt":"2024-01-06T06:03:26","guid":{"rendered":"https:\/\/optimisten.123befreit.de\/?post_type=product&#038;p=568"},"modified":"2024-01-06T06:08:25","modified_gmt":"2024-01-06T06:08:25","slug":"woche-3-zum-aufbau-deines-urvertrauens","status":"publish","type":"product","link":"https:\/\/optimisten.123befreit.de\/?product=woche-3-zum-aufbau-deines-urvertrauens","title":{"rendered":"Woche 3 zum Aufbau deines URVertrauens"},"content":{"rendered":"<p>Woche 3 von 4<br \/>\nf\u00fcr den Aufbau deines URVertrauens<br \/>\nNUR der Abschluss aller 4 Wochen<br \/>\nbzw. des kompletten Kurses ist das GESAMTPRODUKT<\/p>\n<p>nach Erhalt keine R\u00fcckgabe, da Digitalprodukt<\/p>\n<p>es werden w\u00f6chentlich \u00dcbungen zugesandt bzw. ein Download zur Verf\u00fcgung gestellt,<br \/>\ngesch\u00fctzter Bereich<\/p>\n<p>mit genauen \u00dcbungen und Anleitungen, die du t\u00e4glich anwendest<\/p>\n","protected":false},"excerpt":{"rendered":"[contact-form][contact-field label=\"Name\" type=\"name\"  required=\"true\" \/][contact-field label=\"E-Mail\" type=\"email\" required=\"true\" \/][contact-field label=\"Website\" type=\"url\" \/][contact-field label=\"Nachricht\" type=\"textarea\" \/][\/contact-form]\n<p>&nbsp;<\/p>\n","protected":false},"featured_media":564,"comment_status":"open","ping_status":"closed","template":"","meta":[],"product_brand":[],"product_cat":[42,60,58],"product_tag":[],"class_list":{"0":"post-568","1":"product","2":"type-product","3":"status-publish","4":"has-post-thumbnail","6":"product_cat-kurs","7":"product_cat-ebook-bzw-pdf","8":"product_cat-ebook-digitalprodukt","10":"first","11":"instock","12":"downloadable","13":"shipping-taxable","14":"purchasable","15":"product-type-simple"},"jetpack_sharing_enabled":true,"_links":{"self":[{"href":"https:\/\/optimisten.123befreit.de\/index.php?rest_route=\/wp\/v2\/product\/568","targetHints":{"allow":["GET"]}}],"collection":[{"href":"https:\/\/optimisten.123befreit.de\/index.php?rest_route=\/wp\/v2\/product"}],"about":[{"href":"https:\/\/optimisten.123befreit.de\/index.php?rest_route=\/wp\/v2\/types\/product"}],"replies":[{"embeddable":true,"href":"https:\/\/optimisten.123befreit.de\/index.php?rest_route=%2Fwp%2Fv2%2Fcomments&post=568"}],"wp:featuredmedia":[{"embeddable":true,"href":"https:\/\/optimisten.123befreit.de\/index.php?rest_route=\/wp\/v2\/media\/564"}],"wp:attachment":[{"href":"https:\/\/optimisten.123befreit.de\/index.php?rest_route=%2Fwp%2Fv2%2Fmedia&parent=568"}],"wp:term":[{"taxonomy":"product_brand","embeddable":true,"href":"https:\/\/optimisten.123befreit.de\/index.php?rest_route=%2Fwp%2Fv2%2Fproduct_brand&post=568"},{"taxonomy":"product_cat","embeddable":true,"href":"https:\/\/optimisten.123befreit.de\/index.php?rest_route=%2Fwp%2Fv2%2Fproduct_cat&post=568"},{"taxonomy":"product_tag","embeddable":true,"href":"https:\/\/optimisten.123befreit.de\/index.php?rest_route=%2Fwp%2Fv2%2Fproduct_tag&post=568"}],"curies":[{"name":"wp","href":"https:\/\/api.w.org\/{rel}","templated":true}]}}